{"id":41,"date":"2019-05-08T01:36:41","date_gmt":"2019-05-07T23:36:41","guid":{"rendered":"https:\/\/fwg-konz.de\/cms\/?page_id=41"},"modified":"2019-05-08T01:36:41","modified_gmt":"2019-05-07T23:36:41","slug":"spenden","status":"publish","type":"page","link":"https:\/\/fwg-konz.de\/cms\/spenden\/","title":{"rendered":"Spenden"},"content":{"rendered":"\n<h3 class=\"wp-block-heading\"><strong>Freie W\u00e4hlergemeinschaft Stadt Konz e.V. \u2013 Spenden<\/strong><\/h3>\n\n\n\n<p>Die FWG finanziert sich in erster Linie durch die Spenden der Sitzungsgelder durch die Rats- und Ausschussmitglieder.<\/p>\n\n\n\n<p>Alle unsere Kolleginnen und Kollegen in den unterschiedlichen Gremien verrichten Ihre Arbeit ehrenamtlich.<\/p>\n\n\n\n<p>Wir erheben zwar keinen Mitgliedsbeitrag, w\u00e4ren jedoch dankbar, wenn \nwir im Wahlkampf (z.B. f\u00fcr Wahlplakate, Flyer) auf Ihre Unterst\u00fctzung in\n Form einer Spende hoffen d\u00fcrften.<\/p>\n\n\n\n<p>F\u00fcr Spenden werden nat\u00fcrlich die entsprechenden Bescheinigungen f\u00fcr das Finanzamt ausgestellt.<\/p>\n\n\n\n<hr class=\"wp-block-separator\"\/>\n\n\n\n<p><strong>Bankverbindung der FWG Stadt Konz e.V.:<\/strong><\/p>\n\n\n\n<p><strong>IBAN = DE 78 5855 0130 0090 0204 05<\/strong><br>\n<strong> BIC = Sparkasse Trier TRISDE55XXX<\/strong><\/p>\n\n\n\n<hr class=\"wp-block-separator\"\/>\n\n\n\n<p>Herzlichen Dank sagen wir jetzt schon allen Mitgliedern, F\u00f6rderern \nund G\u00f6nnern, die unsere ehrenamtliche Arbeit durch eine Spende \nunterst\u00fctzen.<\/p>\n\n\n\n<p>Ihre FWG<\/p>\n","protected":false},"excerpt":{"rendered":"<p>Freie W\u00e4hlergemeinschaft Stadt Konz e.V. \u2013 Spenden Die FWG finanziert sich in erster Linie durch die Spenden der Sitzungsgelder durch die Rats- und Ausschussmitglieder. Alle unsere Kolleginnen und Kollegen in den unterschiedlichen Gremien verrichten Ihre Arbeit ehrenamtlich. Wir erheben zwar keinen Mitgliedsbeitrag, w\u00e4ren jedoch dankbar, wenn wir im Wahlkampf (z.B. f\u00fcr Wahlplakate, Flyer) auf Ihre [&hellip;]<\/p>\n","protected":false},"author":1,"featured_media":0,"parent":0,"menu_order":0,"comment_status":"closed","ping_status":"closed","template":"","meta":{"footnotes":""},"class_list":["post-41","page","type-page","status-publish","czr-hentry"],"yoast_head":"<!-- This site is optimized with the Yoast SEO plugin v26.7 - https:\/\/yoast.com\/wordpress\/plugins\/seo\/ -->\n<title>Spenden &#187; FWG Stadt Konz e.V.<\/title>\n<meta name=\"robots\" content=\"index, follow, max-snippet:-1, max-image-preview:large, max-video-preview:-1\" \/>\n<link rel=\"canonical\" href=\"https:\/\/fwg-konz.de\/cms\/spenden\/\" \/>\n<meta property=\"og:locale\" content=\"de_DE\" \/>\n<meta property=\"og:type\" content=\"article\" \/>\n<meta property=\"og:title\" content=\"Spenden &#187; FWG Stadt Konz e.V.\" \/>\n<meta property=\"og:description\" content=\"Freie W\u00e4hlergemeinschaft Stadt Konz e.V. \u2013 Spenden Die FWG finanziert sich in erster Linie durch die Spenden der Sitzungsgelder durch die Rats- und Ausschussmitglieder. Alle unsere Kolleginnen und Kollegen in den unterschiedlichen Gremien verrichten Ihre Arbeit ehrenamtlich. Wir erheben zwar keinen Mitgliedsbeitrag, w\u00e4ren jedoch dankbar, wenn wir im Wahlkampf (z.B. f\u00fcr Wahlplakate, Flyer) auf Ihre [&hellip;]\" \/>\n<meta property=\"og:url\" content=\"https:\/\/fwg-konz.de\/cms\/spenden\/\" \/>\n<meta property=\"og:site_name\" content=\"FWG Stadt Konz e.V.\" \/>\n<meta name=\"twitter:card\" content=\"summary_large_image\" \/>\n<meta name=\"twitter:label1\" content=\"Gesch\u00e4tzte Lesezeit\" \/>\n\t<meta name=\"twitter:data1\" content=\"1\u00a0Minute\" \/>\n<script type=\"application\/ld+json\" class=\"yoast-schema-graph\">{\"@context\":\"https:\/\/schema.org\",\"@graph\":[{\"@type\":\"WebPage\",\"@id\":\"https:\/\/fwg-konz.de\/cms\/spenden\/\",\"url\":\"https:\/\/fwg-konz.de\/cms\/spenden\/\",\"name\":\"Spenden &#187; FWG Stadt Konz e.V.\",\"isPartOf\":{\"@id\":\"https:\/\/fwg-konz.de\/cms\/#website\"},\"datePublished\":\"2019-05-07T23:36:41+00:00\",\"breadcrumb\":{\"@id\":\"https:\/\/fwg-konz.de\/cms\/spenden\/#breadcrumb\"},\"inLanguage\":\"de\",\"potentialAction\":[{\"@type\":\"ReadAction\",\"target\":[\"https:\/\/fwg-konz.de\/cms\/spenden\/\"]}]},{\"@type\":\"BreadcrumbList\",\"@id\":\"https:\/\/fwg-konz.de\/cms\/spenden\/#breadcrumb\",\"itemListElement\":[{\"@type\":\"ListItem\",\"position\":1,\"name\":\"Startseite\",\"item\":\"https:\/\/fwg-konz.de\/cms\/\"},{\"@type\":\"ListItem\",\"position\":2,\"name\":\"Spenden\"}]},{\"@type\":\"WebSite\",\"@id\":\"https:\/\/fwg-konz.de\/cms\/#website\",\"url\":\"https:\/\/fwg-konz.de\/cms\/\",\"name\":\"FWG Stadt Konz e.V.\",\"description\":\"\",\"publisher\":{\"@id\":\"https:\/\/fwg-konz.de\/cms\/#organization\"},\"potentialAction\":[{\"@type\":\"SearchAction\",\"target\":{\"@type\":\"EntryPoint\",\"urlTemplate\":\"https:\/\/fwg-konz.de\/cms\/?s={search_term_string}\"},\"query-input\":{\"@type\":\"PropertyValueSpecification\",\"valueRequired\":true,\"valueName\":\"search_term_string\"}}],\"inLanguage\":\"de\"},{\"@type\":\"Organization\",\"@id\":\"https:\/\/fwg-konz.de\/cms\/#organization\",\"name\":\"Freie W\u00e4hlergemeinschaft Stadt Konz e.V.\",\"url\":\"https:\/\/fwg-konz.de\/cms\/\",\"logo\":{\"@type\":\"ImageObject\",\"inLanguage\":\"de\",\"@id\":\"https:\/\/fwg-konz.de\/cms\/#\/schema\/logo\/image\/\",\"url\":\"https:\/\/fwg-konz.de\/cms\/wp-content\/uploads\/2019\/05\/FWG-Logo.png\",\"contentUrl\":\"https:\/\/fwg-konz.de\/cms\/wp-content\/uploads\/2019\/05\/FWG-Logo.png\",\"width\":209,\"height\":209,\"caption\":\"Freie W\u00e4hlergemeinschaft Stadt Konz e.V.\"},\"image\":{\"@id\":\"https:\/\/fwg-konz.de\/cms\/#\/schema\/logo\/image\/\"}}]}<\/script>\n<!-- \/ Yoast SEO plugin. -->","yoast_head_json":{"title":"Spenden &#187; FWG Stadt Konz e.V.","robots":{"index":"index","follow":"follow","max-snippet":"max-snippet:-1","max-image-preview":"max-image-preview:large","max-video-preview":"max-video-preview:-1"},"canonical":"https:\/\/fwg-konz.de\/cms\/spenden\/","og_locale":"de_DE","og_type":"article","og_title":"Spenden &#187; FWG Stadt Konz e.V.","og_description":"Freie W\u00e4hlergemeinschaft Stadt Konz e.V. \u2013 Spenden Die FWG finanziert sich in erster Linie durch die Spenden der Sitzungsgelder durch die Rats- und Ausschussmitglieder. Alle unsere Kolleginnen und Kollegen in den unterschiedlichen Gremien verrichten Ihre Arbeit ehrenamtlich. Wir erheben zwar keinen Mitgliedsbeitrag, w\u00e4ren jedoch dankbar, wenn wir im Wahlkampf (z.B. f\u00fcr Wahlplakate, Flyer) auf Ihre [&hellip;]","og_url":"https:\/\/fwg-konz.de\/cms\/spenden\/","og_site_name":"FWG Stadt Konz e.V.","twitter_card":"summary_large_image","twitter_misc":{"Gesch\u00e4tzte Lesezeit":"1\u00a0Minute"},"schema":{"@context":"https:\/\/schema.org","@graph":[{"@type":"WebPage","@id":"https:\/\/fwg-konz.de\/cms\/spenden\/","url":"https:\/\/fwg-konz.de\/cms\/spenden\/","name":"Spenden &#187; FWG Stadt Konz e.V.","isPartOf":{"@id":"https:\/\/fwg-konz.de\/cms\/#website"},"datePublished":"2019-05-07T23:36:41+00:00","breadcrumb":{"@id":"https:\/\/fwg-konz.de\/cms\/spenden\/#breadcrumb"},"inLanguage":"de","potentialAction":[{"@type":"ReadAction","target":["https:\/\/fwg-konz.de\/cms\/spenden\/"]}]},{"@type":"BreadcrumbList","@id":"https:\/\/fwg-konz.de\/cms\/spenden\/#breadcrumb","itemListElement":[{"@type":"ListItem","position":1,"name":"Startseite","item":"https:\/\/fwg-konz.de\/cms\/"},{"@type":"ListItem","position":2,"name":"Spenden"}]},{"@type":"WebSite","@id":"https:\/\/fwg-konz.de\/cms\/#website","url":"https:\/\/fwg-konz.de\/cms\/","name":"FWG Stadt Konz e.V.","description":"","publisher":{"@id":"https:\/\/fwg-konz.de\/cms\/#organization"},"potentialAction":[{"@type":"SearchAction","target":{"@type":"EntryPoint","urlTemplate":"https:\/\/fwg-konz.de\/cms\/?s={search_term_string}"},"query-input":{"@type":"PropertyValueSpecification","valueRequired":true,"valueName":"search_term_string"}}],"inLanguage":"de"},{"@type":"Organization","@id":"https:\/\/fwg-konz.de\/cms\/#organization","name":"Freie W\u00e4hlergemeinschaft Stadt Konz e.V.","url":"https:\/\/fwg-konz.de\/cms\/","logo":{"@type":"ImageObject","inLanguage":"de","@id":"https:\/\/fwg-konz.de\/cms\/#\/schema\/logo\/image\/","url":"https:\/\/fwg-konz.de\/cms\/wp-content\/uploads\/2019\/05\/FWG-Logo.png","contentUrl":"https:\/\/fwg-konz.de\/cms\/wp-content\/uploads\/2019\/05\/FWG-Logo.png","width":209,"height":209,"caption":"Freie W\u00e4hlergemeinschaft Stadt Konz e.V."},"image":{"@id":"https:\/\/fwg-konz.de\/cms\/#\/schema\/logo\/image\/"}}]}},"jetpack_sharing_enabled":true,"_links":{"self":[{"href":"https:\/\/fwg-konz.de\/cms\/wp-json\/wp\/v2\/pages\/41","targetHints":{"allow":["GET"]}}],"collection":[{"href":"https:\/\/fwg-konz.de\/cms\/wp-json\/wp\/v2\/pages"}],"about":[{"href":"https:\/\/fwg-konz.de\/cms\/wp-json\/wp\/v2\/types\/page"}],"author":[{"embeddable":true,"href":"https:\/\/fwg-konz.de\/cms\/wp-json\/wp\/v2\/users\/1"}],"replies":[{"embeddable":true,"href":"https:\/\/fwg-konz.de\/cms\/wp-json\/wp\/v2\/comments?post=41"}],"version-history":[{"count":1,"href":"https:\/\/fwg-konz.de\/cms\/wp-json\/wp\/v2\/pages\/41\/revisions"}],"predecessor-version":[{"id":42,"href":"https:\/\/fwg-konz.de\/cms\/wp-json\/wp\/v2\/pages\/41\/revisions\/42"}],"wp:attachment":[{"href":"https:\/\/fwg-konz.de\/cms\/wp-json\/wp\/v2\/media?parent=41"}],"curies":[{"name":"wp","href":"https:\/\/api.w.org\/{rel}","templated":true}]}}