{"id":64,"date":"2019-05-11T16:29:29","date_gmt":"2019-05-11T14:29:29","guid":{"rendered":"https:\/\/fwg-konz.de\/cms\/?page_id=64"},"modified":"2019-05-12T15:04:04","modified_gmt":"2019-05-12T13:04:04","slug":"programm","status":"publish","type":"page","link":"https:\/\/fwg-konz.de\/cms\/programm\/","title":{"rendered":"Unser Programm"},"content":{"rendered":"\n<p class=\"has-large-font-size\"><strong>Wir setzen uns ein f\u00fcr:<\/strong><\/p>\n\n\n\n<p class=\"has-medium-font-size\"><strong> B\u00fcrgerinnen und B\u00fcrger<\/strong><\/p>\n\n\n\n<ul class=\"wp-block-list\"><li> B\u00fcrgerbeteiligung und Transparenz <\/li><li> Gute Rahmenbedingungen f\u00fcr Kindertagesst\u00e4tten, Schulen und das Jugendnetzwerk Konz<\/li><li>St\u00e4rkung der Vereins-, Jugend- und Seniorenarbeit<\/li><li>Generationenverbindendes Miteinander<\/li><li>Sicherheit und Integration<\/li><\/ul>\n\n\n\n<p class=\"has-medium-font-size\"><strong> Infrastruktur und Verkehr<\/strong><\/p>\n\n\n\n<ul class=\"wp-block-list\"><li> Aufstellung und Umsetzung eines Verkehrskonzeptes<\/li><li>Weiterentwicklung des aktuellen Radwegekonzeptes<\/li><li>Bedarfsgerechter und bezahlbarer \u00d6PNV<\/li><li>Schnelles Internet f\u00fcr alle <\/li><\/ul>\n\n\n\n<p class=\"has-medium-font-size\"><strong> Wirtschaft<\/strong><\/p>\n\n\n\n<ul class=\"wp-block-list\"><li> Erschlie\u00dfung von Gewerbefl\u00e4chen<\/li><li>F\u00f6rderung von Gewerbe, Einzelhandel, Gastronomie, Tourismus sowie Landwirtschaft und Weinbau<\/li><li>St\u00e4rkung der Innenstadt<\/li><li>Erhalt und Ausbau von Arbeitspl\u00e4tzen <\/li><\/ul>\n\n\n\n<p class=\"has-medium-font-size\"><strong> Umwelt<\/strong><\/p>\n\n\n\n<ul class=\"wp-block-list\"><li>Abschaltung des Kernkraftwerkes Cattenom<\/li><li>Erhalt von Gr\u00fcnfl\u00e4chen in der Innenstadt<\/li><li>L\u00e4rmschutz<\/li><li>\u00d6kologische Vielfalt <\/li><\/ul>\n\n\n\n<p class=\"has-medium-font-size\"><strong>Tourismus, Kunst und Kultur<\/strong><\/p>\n\n\n\n<ul class=\"wp-block-list\"><li> F\u00f6rderung von Tourismus, Kultur und Kunst<\/li><li>Erhalt und F\u00f6rderung des Freilichtmuseums<\/li><li>Gestaltung der Flusslandschaft und der Naherholungsgebiete zum Nutzen aller Generationen<\/li><li>Etablierung eines Festes aller Nationen<\/li><li>Wohnmobilstellpl\u00e4tze <\/li><\/ul>\n\n\n\n<p class=\"has-medium-font-size\"><strong>Wohnen<\/strong><\/p>\n\n\n\n<ul class=\"wp-block-list\"><li> F\u00f6rderung von Sanierungs- und Bauvorhaben in Stadt- und Ortskernen<\/li><li>Bereitstellung von Wohnbaufl\u00e4chen<\/li><li>Bezahlbarer Wohnraum f\u00fcr alle <\/li><\/ul>\n\n\n\n<p class=\"has-medium-font-size\"><strong>Kommunale Finanzen<\/strong><\/p>\n\n\n\n<ul class=\"wp-block-list\"><li> B\u00fcrgerfreundliche und gerechte Gestaltung von kommunalen Abgaben<\/li><li>Abschaffung der Stra\u00dfenausbaubeitr\u00e4ge<\/li><li>Solide Finanzierung aller Projekte unter Ber\u00fccksichtigung wirtschaftlicher Gesichtspunkte<\/li><li>Planen in zukunftsorientierten Gesamtkonzepte <\/li><\/ul>\n","protected":false},"excerpt":{"rendered":"<p>Wir setzen uns ein f\u00fcr: B\u00fcrgerinnen und B\u00fcrger B\u00fcrgerbeteiligung und Transparenz Gute Rahmenbedingungen f\u00fcr Kindertagesst\u00e4tten, Schulen und das Jugendnetzwerk Konz St\u00e4rkung der Vereins-, Jugend- und Seniorenarbeit Generationenverbindendes Miteinander Sicherheit und Integration Infrastruktur und Verkehr Aufstellung und Umsetzung eines Verkehrskonzeptes Weiterentwicklung des aktuellen Radwegekonzeptes Bedarfsgerechter und bezahlbarer \u00d6PNV Schnelles Internet f\u00fcr alle Wirtschaft Erschlie\u00dfung von Gewerbefl\u00e4chen [&hellip;]<\/p>\n","protected":false},"author":1,"featured_media":0,"parent":0,"menu_order":0,"comment_status":"closed","ping_status":"closed","template":"","meta":{"footnotes":""},"class_list":["post-64","page","type-page","status-publish","czr-hentry"],"yoast_head":"<!-- This site is optimized with the Yoast SEO plugin v26.7 - https:\/\/yoast.com\/wordpress\/plugins\/seo\/ -->\n<title>Unser Programm &#187; FWG Stadt Konz e.V.<\/title>\n<meta name=\"robots\" content=\"index, follow, max-snippet:-1, max-image-preview:large, max-video-preview:-1\" \/>\n<link rel=\"canonical\" href=\"https:\/\/fwg-konz.de\/cms\/programm\/\" \/>\n<meta property=\"og:locale\" content=\"de_DE\" \/>\n<meta property=\"og:type\" content=\"article\" \/>\n<meta property=\"og:title\" content=\"Unser Programm &#187; FWG Stadt Konz e.V.\" \/>\n<meta property=\"og:description\" content=\"Wir setzen uns ein f\u00fcr: B\u00fcrgerinnen und B\u00fcrger B\u00fcrgerbeteiligung und Transparenz Gute Rahmenbedingungen f\u00fcr Kindertagesst\u00e4tten, Schulen und das Jugendnetzwerk Konz St\u00e4rkung der Vereins-, Jugend- und Seniorenarbeit Generationenverbindendes Miteinander Sicherheit und Integration Infrastruktur und Verkehr Aufstellung und Umsetzung eines Verkehrskonzeptes Weiterentwicklung des aktuellen Radwegekonzeptes Bedarfsgerechter und bezahlbarer \u00d6PNV Schnelles Internet f\u00fcr alle Wirtschaft Erschlie\u00dfung von Gewerbefl\u00e4chen [&hellip;]\" \/>\n<meta property=\"og:url\" content=\"https:\/\/fwg-konz.de\/cms\/programm\/\" \/>\n<meta property=\"og:site_name\" content=\"FWG Stadt Konz e.V.\" \/>\n<meta property=\"article:modified_time\" content=\"2019-05-12T13:04:04+00:00\" \/>\n<meta name=\"twitter:card\" content=\"summary_large_image\" \/>\n<meta name=\"twitter:label1\" content=\"Gesch\u00e4tzte Lesezeit\" \/>\n\t<meta name=\"twitter:data1\" content=\"1\u00a0Minute\" \/>\n<script type=\"application\/ld+json\" class=\"yoast-schema-graph\">{\"@context\":\"https:\/\/schema.org\",\"@graph\":[{\"@type\":\"WebPage\",\"@id\":\"https:\/\/fwg-konz.de\/cms\/programm\/\",\"url\":\"https:\/\/fwg-konz.de\/cms\/programm\/\",\"name\":\"Unser Programm &#187; FWG Stadt Konz e.V.\",\"isPartOf\":{\"@id\":\"https:\/\/fwg-konz.de\/cms\/#website\"},\"datePublished\":\"2019-05-11T14:29:29+00:00\",\"dateModified\":\"2019-05-12T13:04:04+00:00\",\"breadcrumb\":{\"@id\":\"https:\/\/fwg-konz.de\/cms\/programm\/#breadcrumb\"},\"inLanguage\":\"de\",\"potentialAction\":[{\"@type\":\"ReadAction\",\"target\":[\"https:\/\/fwg-konz.de\/cms\/programm\/\"]}]},{\"@type\":\"BreadcrumbList\",\"@id\":\"https:\/\/fwg-konz.de\/cms\/programm\/#breadcrumb\",\"itemListElement\":[{\"@type\":\"ListItem\",\"position\":1,\"name\":\"Startseite\",\"item\":\"https:\/\/fwg-konz.de\/cms\/\"},{\"@type\":\"ListItem\",\"position\":2,\"name\":\"Unser Programm\"}]},{\"@type\":\"WebSite\",\"@id\":\"https:\/\/fwg-konz.de\/cms\/#website\",\"url\":\"https:\/\/fwg-konz.de\/cms\/\",\"name\":\"FWG Stadt Konz e.V.\",\"description\":\"\",\"publisher\":{\"@id\":\"https:\/\/fwg-konz.de\/cms\/#organization\"},\"potentialAction\":[{\"@type\":\"SearchAction\",\"target\":{\"@type\":\"EntryPoint\",\"urlTemplate\":\"https:\/\/fwg-konz.de\/cms\/?s={search_term_string}\"},\"query-input\":{\"@type\":\"PropertyValueSpecification\",\"valueRequired\":true,\"valueName\":\"search_term_string\"}}],\"inLanguage\":\"de\"},{\"@type\":\"Organization\",\"@id\":\"https:\/\/fwg-konz.de\/cms\/#organization\",\"name\":\"Freie W\u00e4hlergemeinschaft Stadt Konz e.V.\",\"url\":\"https:\/\/fwg-konz.de\/cms\/\",\"logo\":{\"@type\":\"ImageObject\",\"inLanguage\":\"de\",\"@id\":\"https:\/\/fwg-konz.de\/cms\/#\/schema\/logo\/image\/\",\"url\":\"https:\/\/fwg-konz.de\/cms\/wp-content\/uploads\/2019\/05\/FWG-Logo.png\",\"contentUrl\":\"https:\/\/fwg-konz.de\/cms\/wp-content\/uploads\/2019\/05\/FWG-Logo.png\",\"width\":209,\"height\":209,\"caption\":\"Freie W\u00e4hlergemeinschaft Stadt Konz e.V.\"},\"image\":{\"@id\":\"https:\/\/fwg-konz.de\/cms\/#\/schema\/logo\/image\/\"}}]}<\/script>\n<!-- \/ Yoast SEO plugin. -->","yoast_head_json":{"title":"Unser Programm &#187; FWG Stadt Konz e.V.","robots":{"index":"index","follow":"follow","max-snippet":"max-snippet:-1","max-image-preview":"max-image-preview:large","max-video-preview":"max-video-preview:-1"},"canonical":"https:\/\/fwg-konz.de\/cms\/programm\/","og_locale":"de_DE","og_type":"article","og_title":"Unser Programm &#187; FWG Stadt Konz e.V.","og_description":"Wir setzen uns ein f\u00fcr: B\u00fcrgerinnen und B\u00fcrger B\u00fcrgerbeteiligung und Transparenz Gute Rahmenbedingungen f\u00fcr Kindertagesst\u00e4tten, Schulen und das Jugendnetzwerk Konz St\u00e4rkung der Vereins-, Jugend- und Seniorenarbeit Generationenverbindendes Miteinander Sicherheit und Integration Infrastruktur und Verkehr Aufstellung und Umsetzung eines Verkehrskonzeptes Weiterentwicklung des aktuellen Radwegekonzeptes Bedarfsgerechter und bezahlbarer \u00d6PNV Schnelles Internet f\u00fcr alle Wirtschaft Erschlie\u00dfung von Gewerbefl\u00e4chen [&hellip;]","og_url":"https:\/\/fwg-konz.de\/cms\/programm\/","og_site_name":"FWG Stadt Konz e.V.","article_modified_time":"2019-05-12T13:04:04+00:00","twitter_card":"summary_large_image","twitter_misc":{"Gesch\u00e4tzte Lesezeit":"1\u00a0Minute"},"schema":{"@context":"https:\/\/schema.org","@graph":[{"@type":"WebPage","@id":"https:\/\/fwg-konz.de\/cms\/programm\/","url":"https:\/\/fwg-konz.de\/cms\/programm\/","name":"Unser Programm &#187; FWG Stadt Konz e.V.","isPartOf":{"@id":"https:\/\/fwg-konz.de\/cms\/#website"},"datePublished":"2019-05-11T14:29:29+00:00","dateModified":"2019-05-12T13:04:04+00:00","breadcrumb":{"@id":"https:\/\/fwg-konz.de\/cms\/programm\/#breadcrumb"},"inLanguage":"de","potentialAction":[{"@type":"ReadAction","target":["https:\/\/fwg-konz.de\/cms\/programm\/"]}]},{"@type":"BreadcrumbList","@id":"https:\/\/fwg-konz.de\/cms\/programm\/#breadcrumb","itemListElement":[{"@type":"ListItem","position":1,"name":"Startseite","item":"https:\/\/fwg-konz.de\/cms\/"},{"@type":"ListItem","position":2,"name":"Unser Programm"}]},{"@type":"WebSite","@id":"https:\/\/fwg-konz.de\/cms\/#website","url":"https:\/\/fwg-konz.de\/cms\/","name":"FWG Stadt Konz e.V.","description":"","publisher":{"@id":"https:\/\/fwg-konz.de\/cms\/#organization"},"potentialAction":[{"@type":"SearchAction","target":{"@type":"EntryPoint","urlTemplate":"https:\/\/fwg-konz.de\/cms\/?s={search_term_string}"},"query-input":{"@type":"PropertyValueSpecification","valueRequired":true,"valueName":"search_term_string"}}],"inLanguage":"de"},{"@type":"Organization","@id":"https:\/\/fwg-konz.de\/cms\/#organization","name":"Freie W\u00e4hlergemeinschaft Stadt Konz e.V.","url":"https:\/\/fwg-konz.de\/cms\/","logo":{"@type":"ImageObject","inLanguage":"de","@id":"https:\/\/fwg-konz.de\/cms\/#\/schema\/logo\/image\/","url":"https:\/\/fwg-konz.de\/cms\/wp-content\/uploads\/2019\/05\/FWG-Logo.png","contentUrl":"https:\/\/fwg-konz.de\/cms\/wp-content\/uploads\/2019\/05\/FWG-Logo.png","width":209,"height":209,"caption":"Freie W\u00e4hlergemeinschaft Stadt Konz e.V."},"image":{"@id":"https:\/\/fwg-konz.de\/cms\/#\/schema\/logo\/image\/"}}]}},"jetpack_sharing_enabled":true,"_links":{"self":[{"href":"https:\/\/fwg-konz.de\/cms\/wp-json\/wp\/v2\/pages\/64","targetHints":{"allow":["GET"]}}],"collection":[{"href":"https:\/\/fwg-konz.de\/cms\/wp-json\/wp\/v2\/pages"}],"about":[{"href":"https:\/\/fwg-konz.de\/cms\/wp-json\/wp\/v2\/types\/page"}],"author":[{"embeddable":true,"href":"https:\/\/fwg-konz.de\/cms\/wp-json\/wp\/v2\/users\/1"}],"replies":[{"embeddable":true,"href":"https:\/\/fwg-konz.de\/cms\/wp-json\/wp\/v2\/comments?post=64"}],"version-history":[{"count":6,"href":"https:\/\/fwg-konz.de\/cms\/wp-json\/wp\/v2\/pages\/64\/revisions"}],"predecessor-version":[{"id":132,"href":"https:\/\/fwg-konz.de\/cms\/wp-json\/wp\/v2\/pages\/64\/revisions\/132"}],"wp:attachment":[{"href":"https:\/\/fwg-konz.de\/cms\/wp-json\/wp\/v2\/media?parent=64"}],"curies":[{"name":"wp","href":"https:\/\/api.w.org\/{rel}","templated":true}]}}